{"id":643,"date":"2015-07-29T07:35:33","date_gmt":"2015-07-29T07:35:33","guid":{"rendered":"http:\/\/vdr-fachverlag.de\/longericher\/?page_id=643"},"modified":"2015-08-06T08:33:54","modified_gmt":"2015-08-06T08:33:54","slug":"referenzen","status":"publish","type":"page","link":"https:\/\/longericher-parkett.de\/?page_id=643","title":{"rendered":"Referenzen"},"content":{"rendered":"<p>Hier pr\u00e4sentieren wir unsere abgeschlossene und anstehenden Projekte.<\/p>\n<section id=\"exemple\" class=\"container ref_n\">\n<div class=\"wrap small-width\">\n<div id=\"try\"><\/div>\n<p><strong>Einfamilienhaus 2010<\/strong><\/p>\n<ul>\n<ul>\n<li class=\"box\"><a class=\"swipebox\" title=\"\" href=\"wp-content\/uploads\/2015\/07\/p1_g.jpg\"><br \/>\n<img decoding=\"async\" src=\"wp-content\/uploads\/2015\/07\/p1_pre.jpg\" alt=\"image\" \/><br \/>\n<\/a><\/li>\n<li class=\"box\"><a class=\"swipebox\" title=\"\" href=\"wp-content\/uploads\/2015\/07\/p1_1g.jpg\"><br \/>\n<img decoding=\"async\" src=\"wp-content\/uploads\/2015\/07\/p1_1_pre.jpg\" alt=\"image\" \/><br \/>\n<\/a><\/li>\n<\/ul>\n<\/ul>\n<p><strong>Hotel K\u00f6ln 2010<\/strong><\/p>\n<ul>\n<ul>\n<li class=\"box\"><a class=\"swipebox\" title=\"\" href=\"wp-content\/uploads\/2015\/07\/p2_g.jpg\"><br \/>\n<img decoding=\"async\" src=\"wp-content\/uploads\/2015\/07\/p2_pre.jpg\" alt=\"image\" \/><br \/>\n<\/a><\/li>\n<li class=\"box\"><a class=\"swipebox\" title=\"\" href=\"wp-content\/uploads\/2015\/07\/p2_2g.jpg\"><br \/>\n<img decoding=\"async\" src=\"wp-content\/uploads\/2015\/07\/p2_2_pre.jpg\" alt=\"image\" \/><br \/>\n<\/a><\/li>\n<\/ul>\n<\/ul>\n<p><strong>Wohnung K\u00f6ln 2010<\/strong><\/p>\n<ul id=\"box-container\">\n<li class=\"box\"><a class=\"swipebox\" title=\"\" href=\"wp-content\/uploads\/2015\/07\/p3_g.jpg\"><br \/>\n<img decoding=\"async\" src=\"wp-content\/uploads\/2015\/07\/p3_pre.jpg\" alt=\"image\" \/><br \/>\n<\/a><\/li>\n<li class=\"box\"><a class=\"swipebox\" title=\"\" href=\"wp-content\/uploads\/2015\/07\/p3_2g.jpg\"><br \/>\n<img decoding=\"async\" src=\"wp-content\/uploads\/2015\/07\/p3_2_pre.jpg\" alt=\"image\" \/><br \/>\n<\/a><\/li>\n<ul>\n<\/ul>\n<p><strong>Einfamilienhaus Pulheim 2009<\/strong><\/p>\n<ul id=\"box-container\">\n<li class=\"box\"><a class=\"swipebox\" title=\"\" href=\"wp-content\/uploads\/2015\/08\/efh_puhl1g.jpg\"><br \/>\n<img decoding=\"async\" src=\"wp-content\/uploads\/2015\/08\/efh_puhl1_pre.jpg\" alt=\"image\" \/><br \/>\n<\/a><\/li>\n<li class=\"box\"><a class=\"swipebox\" title=\"\" href=\"wp-content\/uploads\/2015\/08\/efh_puhl2g.jpg\"><br \/>\n<img decoding=\"async\" src=\"wp-content\/uploads\/2015\/08\/efh_puhl2_pre.jpg\" alt=\"image\" \/><br \/>\n<\/a><\/li>\n<\/ul>\n<\/div>\n<\/section>\n","protected":false},"excerpt":{"rendered":"<p>Hier pr\u00e4sentieren wir unsere abgeschlossene und anstehenden Projekte. Einfamilienhaus 2010 Hotel K\u00f6ln 2010 Wohnung K\u00f6ln 2010 Einfamilienhaus Pulheim 2009<\/p>\n","protected":false},"author":1,"featured_media":0,"parent":0,"menu_order":0,"comment_status":"open","ping_status":"open","template":"fullpage.php","meta":{"footnotes":""},"class_list":["post-643","page","type-page","status-publish","hentry"],"_links":{"self":[{"href":"https:\/\/longericher-parkett.de\/index.php?rest_route=\/wp\/v2\/pages\/643","targetHints":{"allow":["GET"]}}],"collection":[{"href":"https:\/\/longericher-parkett.de\/index.php?rest_route=\/wp\/v2\/pages"}],"about":[{"href":"https:\/\/longericher-parkett.de\/index.php?rest_route=\/wp\/v2\/types\/page"}],"author":[{"embeddable":true,"href":"https:\/\/longericher-parkett.de\/index.php?rest_route=\/wp\/v2\/users\/1"}],"replies":[{"embeddable":true,"href":"https:\/\/longericher-parkett.de\/index.php?rest_route=%2Fwp%2Fv2%2Fcomments&post=643"}],"version-history":[{"count":24,"href":"https:\/\/longericher-parkett.de\/index.php?rest_route=\/wp\/v2\/pages\/643\/revisions"}],"predecessor-version":[{"id":806,"href":"https:\/\/longericher-parkett.de\/index.php?rest_route=\/wp\/v2\/pages\/643\/revisions\/806"}],"wp:attachment":[{"href":"https:\/\/longericher-parkett.de\/index.php?rest_route=%2Fwp%2Fv2%2Fmedia&parent=643"}],"curies":[{"name":"wp","href":"https:\/\/api.w.org\/{rel}","templated":true}]}}