{"id":412,"date":"2015-07-14T13:00:11","date_gmt":"2015-07-14T13:00:11","guid":{"rendered":"http:\/\/vdr-fachverlag.de\/longericher\/?page_id=412"},"modified":"2015-08-06T09:23:17","modified_gmt":"2015-08-06T09:23:17","slug":"sortierungen","status":"publish","type":"page","link":"https:\/\/longericher-parkett.de\/?page_id=412","title":{"rendered":"Sortierungen"},"content":{"rendered":"<p>Holz ist ein Naturmaterial. Das nat\u00fcrliche Wachstum der B\u00e4ume sorgt auch innerhalb der gleichen Holzart f\u00fcr feine Unterschiede in Farbe, Maserung und Struktur. <\/p>\n<p>Die darauf zur\u00fcck zu f\u00fchrenden sichtbaren Unterschiede im Oberfl\u00e4chenbild von Parkett werden durch die so genannten Sortierungen klassifiziert. <\/p>\n<p>Die Sortierungsregeln sind f\u00fcr die meisten f\u00fcr die Parkettherstellung verwendeten Holzarten ausf\u00fchrlich in den g\u00fcltigen EN-Normen beschrieben. Darin stehen zu jedem Symbol entsprechende Tabellen mit den jeweils zul\u00e4ssigen Merkmalen. Zu den Sortiermerkmalen z\u00e4hlen unter anderem Farbunterschiede, Astigkeit, Splint und Markierungen.<\/p>\n<p>F\u00fcr das Erscheinungsbild der Oberfl\u00e4che aller Parkettarten gelten einheitliche Symbole. Es handelt sich um ein Quadrat, ein Dreieck und einen Kreis. Das Kreissymbol steht dabei f\u00fcr die oberste Sortierung. Allerdings haben die Parketthersteller f\u00fcr die Sortierungen in ihrem Sortiment teilweise unterschiedliche Bezeichnungen, zum Beispiel &#8222;select&#8220;, &#8222;natur&#8220; oder &#8222;rustikal&#8220;. Diese Klassifizierung sagt nichts \u00fcber die qualitativen Eigenschaften des Parketts aus. Sie ist lediglich ein optisches Kriterium, das f\u00fcr die Auswahl des Bodenbelags hilfreich ist. <\/p>\n<p>Jede Sortierung hat ihre Vorz\u00fcge: soll zum Beispiel die Wirkung der M\u00f6belst\u00fccke betont werden, ist eine harmonisch und zur\u00fcckhaltend wirkende Oberfl\u00e4che des Bodens zu empfehlen. Eine lebhafte, etwas unregelm\u00e4\u00dfige Struktur lenkt dagegen den Blick auf das Parkett. Und ganz nebenbei fallen Gebrauchsspuren bei einem nat\u00fcrlichen Erscheinungsbild weniger auf.<\/p>\n","protected":false},"excerpt":{"rendered":"<p>Holz ist ein Naturmaterial. Das nat\u00fcrliche Wachstum der B\u00e4ume sorgt auch innerhalb der gleichen Holzart f\u00fcr feine Unterschiede in Farbe, Maserung und Struktur. Die darauf zur\u00fcck zu f\u00fchrenden sichtbaren Unterschiede im Oberfl\u00e4chenbild von Parkett werden durch die so genannten Sortierungen klassifiziert. Die Sortierungsregeln sind f\u00fcr die meisten f\u00fcr die Parkettherstellung verwendeten Holzarten ausf\u00fchrlich in den [&hellip;]<\/p>\n","protected":false},"author":1,"featured_media":0,"parent":0,"menu_order":0,"comment_status":"open","ping_status":"open","template":"fullpage.php","meta":{"footnotes":""},"class_list":["post-412","page","type-page","status-publish","hentry"],"_links":{"self":[{"href":"https:\/\/longericher-parkett.de\/index.php?rest_route=\/wp\/v2\/pages\/412","targetHints":{"allow":["GET"]}}],"collection":[{"href":"https:\/\/longericher-parkett.de\/index.php?rest_route=\/wp\/v2\/pages"}],"about":[{"href":"https:\/\/longericher-parkett.de\/index.php?rest_route=\/wp\/v2\/types\/page"}],"author":[{"embeddable":true,"href":"https:\/\/longericher-parkett.de\/index.php?rest_route=\/wp\/v2\/users\/1"}],"replies":[{"embeddable":true,"href":"https:\/\/longericher-parkett.de\/index.php?rest_route=%2Fwp%2Fv2%2Fcomments&post=412"}],"version-history":[{"count":2,"href":"https:\/\/longericher-parkett.de\/index.php?rest_route=\/wp\/v2\/pages\/412\/revisions"}],"predecessor-version":[{"id":427,"href":"https:\/\/longericher-parkett.de\/index.php?rest_route=\/wp\/v2\/pages\/412\/revisions\/427"}],"wp:attachment":[{"href":"https:\/\/longericher-parkett.de\/index.php?rest_route=%2Fwp%2Fv2%2Fmedia&parent=412"}],"curies":[{"name":"wp","href":"https:\/\/api.w.org\/{rel}","templated":true}]}}