{"id":409,"date":"2015-07-14T12:59:24","date_gmt":"2015-07-14T12:59:24","guid":{"rendered":"http:\/\/vdr-fachverlag.de\/longericher\/?page_id=409"},"modified":"2015-08-06T09:22:28","modified_gmt":"2015-08-06T09:22:28","slug":"parkettarten","status":"publish","type":"page","link":"https:\/\/longericher-parkett.de\/?page_id=409","title":{"rendered":"Parkettarten"},"content":{"rendered":"<p>Grunds\u00e4tzlich kann man Parkett in Einschicht- und Mehrschicht-Parkett unterscheiden. Einschichtparkett besteht aus massivem Vollholz. Bei Mehrschichtparkett bestehen die einzelnen Elemente aus zwei oder drei Schichten, wobei die Deckschicht ebenfalls aus Vollholz besteht. Hinzu kommen Unterschiede hinsichtlich der Abmessungen der Parkettelemente sowie ihres Oberfl\u00e4chenbildes (Sortierungen).<\/p>\n<p><\/p>\n<li><strong>Einschicht-Parkett<\/strong><\/li>\n<p>Alle Einschicht-Parkettprodukte k\u00f6nnen zur Renovierung mehrfach abgeschliffen und mit einem neuen Oberfl\u00e4chenschutz versehen werden. Bei einer gewachsten oder ge\u00f6lten Oberfl\u00e4che sind auch partielle Ausbesserungen m\u00f6glich.<\/p>\n<li><strong>Mosaikparkett<\/strong><\/li>\n<p>Mosaikparkett besteht aus einzelnen Vollholzlamellen von 8 mm Dicke, einer Breite bis 25 mm und L\u00e4ngen bis zu 165 mm. Die Lamellen werden als Verlegeeinheiten geliefert, indem sie zum Beispiel durch ein Klebenetz auf der Unterseite zusammen gehalten werden. Das h\u00e4ufigste Muster ist der W\u00fcrfel, doch auch andere wie Schiffsverband, Fischgr\u00e4t und Parallelverband sind gebr\u00e4uchlich. Mosaikparkett wird vollfl\u00e4chig auf den Untergrund geklebt. Mosaikparkett ist ein preiswerter Gebrauchsboden f\u00fcr alle Verwendungsbereiche. Wegen der g\u00fcnstigen Abmessungen seiner Elemente eignet es sich besonders gut f\u00fcr die Verlegung auf beheizten Estrichen (Fu\u00dfbodenheizung).<\/p>\n<li><strong>Stabparkett<\/strong><\/li>\n<p>Stabparkett besteht aus 22 mm, 14 oder 16 mm dicken Massivholz-Parkettst\u00e4ben oder Parkettriemen. Sie sind zwischen 250 mm und 600 mm lang und zwischen 60 mm und 80 mm breit. Parkettst\u00e4be haben eine ringsum laufende Nut und werden bei der Verlegung durch Querholzfedern miteinander verbunden; Parkettriemen verf\u00fcgen \u00fcber Nut und angehobelte Feder. Stabparkett wird auf Estriche oder Trockenunterb\u00f6den geklebt oder auf Blindb\u00f6den genagelt. Das Schleifen und die weitere Oberfl\u00e4chenbehandlung, zum Beispiel eine Versiegelung, erfolgen nach dem Verlegen.<\/p>\n<li><strong>Lamparkett<\/strong><\/li>\n<p>Es handelt sich um massive Glattkant-Parkettst\u00e4be ohne Nut und Feder, deren Abmessungen herstellerbedingt variieren, sich aber in L\u00e4nge und Breite an denen von Stabparkett orientieren. Lamparkett wir \u00fcberwiegend in einer Dicke zwischen 10 und 12 mm hergestellt und eignet sich besonders f\u00fcr die Renovierung.<\/p>\n<li><strong>Hochkantlamellenparkett<\/strong><\/li>\n<p>Wie der Name schon sagt, werden die Holzlamellen &#8211; die in ihren Abmessungen den Mosaikparkett-St\u00e4bchen entsprechen &#8211; senkrecht gestellt. Sie werden als Verlegeeinheiten auf den Unterboden geklebt. Durch die hochkant angeordneten Lamellen ergibt sich eine Parkettdicke bis zu 25 mm. Dieses Parkett ist \u00e4u\u00dferst robust und wird daher h\u00e4ufig im Gewerbebereich verwendet. Daher stammen auch die Bezeichnungen \u201eIndustrieparkett\u201c oder Mehrzweckparkett. Der preiswerte Fu\u00dfboden wird n\u00e4mlich ebenso f\u00fcr B\u00fcros, Gastst\u00e4tten, Kinderg\u00e4rten und andere \u00f6ffentliche Geb\u00e4ude sowie im Wohnbau eingesetzt.<\/p>\n<p><\/p>\n<li><strong>Mehrschicht-Parkett<\/strong><\/li>\n<p>Mehrschichtige Parkettelemente werden oft auch als \u201eFertigparkett\u201c bezeichnet, weil sie mit fertiger Oberfl\u00e4chenbehandlung geliefert werden.<br \/>\nDie Nutzschicht, auch \u201eDeckschicht\u201c oder \u201eLaufschicht\u201c genannt, besteht immer aus Vollholz. Die darunter liegenden Schichten k\u00f6nnen auch aus Sperrholz oder Holzwerkstoffen bestehen.<\/p>\n<p>Mehrschichtparkett mit werksseitiger Oberfl\u00e4chenbehandlung in Form von Versiegelung, \u00d6len oder Wachsen kann sofort nach der Verlegung genutzt werden. Bei einer Nutzschichtdicke von 2,5 \u2013 4 mm kann der Boden je nach Abnutzung zwei bis drei Mal abgeschliffen und mit einem neuen Oberfl\u00e4chenschutz versehen werden.<\/p>\n<p>Auch als Mehrschichtparkett steht eine Vielzahl von Mustern zur Auswahl: \u201eSchiffsboden\u201c, \u201eFischgr\u00e4t\u201c, \u201eFlechtmuster\u201c und mehr.<\/p>\n<li><strong>Landhausdielen<\/strong><\/li>\n<p>Dreischicht-Parkettelemente in Dielenform, bei denen die Deckschicht aus einer ungeteilten Fl\u00e4che besteht, werden als \u201eLandhausdielen\u201c bezeichnet. Landhausdielen sehen nicht nur gut aus, sie sind auch eine solide Grundlage f\u00fcr jede Wohnung. Denn wie alle Holzb\u00f6den sind sie robust und langlebig. Je nach St\u00e4rke der Laufschicht lassen sich die Dielen mehrmals abschleifen und m\u00fcssen daher auch nach vielen Jahren nicht erneuert werden. Dielen sind au\u00dferdem pflegeleicht und vertragen neben der regelm\u00e4\u00dfigen Behandlung mit Besen oder Staubsauger sogar feuchtes Wischen mit wenig Wasser und geeigneten Pflegemitteln.<\/p>\n<li><strong>Korkparkett<\/strong><\/li>\n<p>Korkparkett eignet sich f\u00fcr alle Wohnfl\u00e4chen und ist sogar in B\u00fcros ein gern verwendeter Bodenbelag. Dies hat unter anderem auch mit den diversen Gestaltungsm\u00f6glichkeiten zu tun, die Kork bietet. Dazu muss man wissen, dass Kork in den unterschiedlichsten Farben und Designs zu haben ist und sich so fast jeder beliebige Gestaltungswunsch umsetzen l\u00e4sst. Durch unterschiedliche Dicken und Qualit\u00e4ten ist es zudem m\u00f6glich Kork auch in hoch frequentierten R\u00e4umlichkeiten als widerstandsf\u00e4higen und strapazierbaren Bodenbelag einzusetzen.<\/p>\n<li><strong>Bambusparkett<\/strong><\/li>\n<p>Bambusparkett hat ein ganz besonderes Aussehen, das ihn von anderen Parkettsorten unterscheidet. Was Bambusparkett des Weiteren von anderen Parkett- und Holzarten abhebt, sind seine hervorragenden Eigenschaften: die Oberfl\u00e4che, die bei der Herstellung von Bambusparkett entsteht, ist extrem hart und damit widerstandsf\u00e4hig gegen Verformungen, die zum Beispiel durch spitze Abs\u00e4tze und \u00c4hnliches entstehen. Dadurch ist Bambusparkett nat\u00fcrlich sehr langlebig, bzw. die Intervalle zwischen den n\u00f6tigen Renovierungen sind besonders gro\u00df. Au\u00dferdem neigt Bambusparkett nur wenig zum Quellen und Schwinden, das hei\u00dft Unterschiede in der Luftfeuchtigkeit haben keine gro\u00dfen Auswirkungen auf das Aussehen und die Haltbarkeit von Bambusparkett. Er wird sogar vermehrt in Badezimmern als Fu\u00dfbodenbelag eingesetzt, was mit diversen anderen Parkettsorten unm\u00f6glich w\u00e4re.<\/p>\n<li><strong>Tafelparkett<\/strong><\/li>\n<p>Die in Tafelform zusammengef\u00fcgten quadratischen Verlegeeinheiten k\u00f6nnen aus einer Bildplatte mit aufgeklebten Parkettelementen oder aus Vollholzteilen bestehen, die zu einer Tafel zusammen gef\u00fcgt sind. Tafelparkett kann je nach Untergrund geklebt oder genagelt werden. Parkett-Tafeln werden zum Teil noch heute nach traditionellen Mustern angefertigt. Auch im Bereich des Mehrschichtparketts sind quadratische Elemente mit der Optik von Tafelparkett lieferbar. Tafelparkett spielt vorwiegend in der Restaurierung eine Rolle.der Restaurierung eine Rolle.<\/p>\n","protected":false},"excerpt":{"rendered":"<p>Grunds\u00e4tzlich kann man Parkett in Einschicht- und Mehrschicht-Parkett unterscheiden. Einschichtparkett besteht aus massivem Vollholz. Bei Mehrschichtparkett bestehen die einzelnen Elemente aus zwei oder drei Schichten, wobei die Deckschicht ebenfalls aus Vollholz besteht. Hinzu kommen Unterschiede hinsichtlich der Abmessungen der Parkettelemente sowie ihres Oberfl\u00e4chenbildes (Sortierungen). Einschicht-Parkett Alle Einschicht-Parkettprodukte k\u00f6nnen zur Renovierung mehrfach abgeschliffen und mit einem [&hellip;]<\/p>\n","protected":false},"author":1,"featured_media":0,"parent":0,"menu_order":0,"comment_status":"open","ping_status":"open","template":"fullpage.php","meta":{"footnotes":""},"class_list":["post-409","page","type-page","status-publish","hentry"],"_links":{"self":[{"href":"https:\/\/longericher-parkett.de\/index.php?rest_route=\/wp\/v2\/pages\/409","targetHints":{"allow":["GET"]}}],"collection":[{"href":"https:\/\/longericher-parkett.de\/index.php?rest_route=\/wp\/v2\/pages"}],"about":[{"href":"https:\/\/longericher-parkett.de\/index.php?rest_route=\/wp\/v2\/types\/page"}],"author":[{"embeddable":true,"href":"https:\/\/longericher-parkett.de\/index.php?rest_route=\/wp\/v2\/users\/1"}],"replies":[{"embeddable":true,"href":"https:\/\/longericher-parkett.de\/index.php?rest_route=%2Fwp%2Fv2%2Fcomments&post=409"}],"version-history":[{"count":8,"href":"https:\/\/longericher-parkett.de\/index.php?rest_route=\/wp\/v2\/pages\/409\/revisions"}],"predecessor-version":[{"id":659,"href":"https:\/\/longericher-parkett.de\/index.php?rest_route=\/wp\/v2\/pages\/409\/revisions\/659"}],"wp:attachment":[{"href":"https:\/\/longericher-parkett.de\/index.php?rest_route=%2Fwp%2Fv2%2Fmedia&parent=409"}],"curies":[{"name":"wp","href":"https:\/\/api.w.org\/{rel}","templated":true}]}}