{"id":370,"date":"2015-07-10T10:03:17","date_gmt":"2015-07-10T10:03:17","guid":{"rendered":"http:\/\/vdr-fachverlag.de\/longericher\/?page_id=370"},"modified":"2015-08-06T09:00:41","modified_gmt":"2015-08-06T09:00:41","slug":"elastische-bodenbelage","status":"publish","type":"page","link":"https:\/\/longericher-parkett.de\/?page_id=370","title":{"rendered":"Elastische Bodenbel\u00e4ge"},"content":{"rendered":"<p><strong>Als elastische Bodenbel\u00e4ge werden Belagsarten bezeichnet, die mit elastischen Bindemitteln herstelltet werden.<br \/>\n<\/strong><br \/>\nElastische Bel\u00e4ge unterscheiden sich in ihrer Materialzusammensetzung, ihrem chemischen Aufbau, der Herstellung sowie ihrem speziellen Verwendungszweck und Gebrauchswert. <\/p>\n<p><strong>Zu den elastischen Bodenbel\u00e4gen z\u00e4hlen folgende Bodenbel\u00e4ge:<\/strong><\/p>\n<li><strong>Linoleum<\/strong><\/li>\n<p>Dieser Bodenbelag ist strapazierf\u00e4hig und langlebig, reagiert aber empfindlich auf zu gro\u00dfe Feuchtigkeit. Die Verlegen\u00e4hte m\u00fcssen deshalb verschwei\u00dft werden.<\/p>\n<li><strong>PVC-B\u00f6den<\/strong><\/li>\n<p>PVC-B\u00f6den k\u00f6nnen \u00fcberall dort eingesetzt werden, wo hohe Abriebfestigkeit, Best\u00e4ndigkeit gegen\u00fcber S\u00e4uren und Laugen sowie leichte Reinigung gefordert werden. PVC ist besonders gut f\u00fcr Feuchtr\u00e4ume geeignet.<\/p>\n<li><strong>Kautschukbel\u00e4ge<\/strong><\/li>\n<p>Kautschukbel\u00e4ge, auch als Gummi- oder Elastomerbel\u00e4ge bezeichnet, sind extrem widerstandsf\u00e4hig und werden gerne in gewerblichen und \u00f6ffentlichen Geb\u00e4uden eingesetzt.<\/p>\n<p>Alle Bel\u00e4ge gibt es als Bahnen und Platten, die vollfl\u00e4chig verklebt werden.<\/p>\n","protected":false},"excerpt":{"rendered":"<p>Als elastische Bodenbel\u00e4ge werden Belagsarten bezeichnet, die mit elastischen Bindemitteln herstelltet werden. Elastische Bel\u00e4ge unterscheiden sich in ihrer Materialzusammensetzung, ihrem chemischen Aufbau, der Herstellung sowie ihrem speziellen Verwendungszweck und Gebrauchswert. Zu den elastischen Bodenbel\u00e4gen z\u00e4hlen folgende Bodenbel\u00e4ge: Linoleum Dieser Bodenbelag ist strapazierf\u00e4hig und langlebig, reagiert aber empfindlich auf zu gro\u00dfe Feuchtigkeit. Die Verlegen\u00e4hte m\u00fcssen deshalb [&hellip;]<\/p>\n","protected":false},"author":1,"featured_media":0,"parent":0,"menu_order":0,"comment_status":"open","ping_status":"open","template":"fullpage.php","meta":{"footnotes":""},"class_list":["post-370","page","type-page","status-publish","hentry"],"_links":{"self":[{"href":"https:\/\/longericher-parkett.de\/index.php?rest_route=\/wp\/v2\/pages\/370","targetHints":{"allow":["GET"]}}],"collection":[{"href":"https:\/\/longericher-parkett.de\/index.php?rest_route=\/wp\/v2\/pages"}],"about":[{"href":"https:\/\/longericher-parkett.de\/index.php?rest_route=\/wp\/v2\/types\/page"}],"author":[{"embeddable":true,"href":"https:\/\/longericher-parkett.de\/index.php?rest_route=\/wp\/v2\/users\/1"}],"replies":[{"embeddable":true,"href":"https:\/\/longericher-parkett.de\/index.php?rest_route=%2Fwp%2Fv2%2Fcomments&post=370"}],"version-history":[{"count":2,"href":"https:\/\/longericher-parkett.de\/index.php?rest_route=\/wp\/v2\/pages\/370\/revisions"}],"predecessor-version":[{"id":496,"href":"https:\/\/longericher-parkett.de\/index.php?rest_route=\/wp\/v2\/pages\/370\/revisions\/496"}],"wp:attachment":[{"href":"https:\/\/longericher-parkett.de\/index.php?rest_route=%2Fwp%2Fv2%2Fmedia&parent=370"}],"curies":[{"name":"wp","href":"https:\/\/api.w.org\/{rel}","templated":true}]}}