{"id":366,"date":"2015-07-10T10:00:22","date_gmt":"2015-07-10T10:00:22","guid":{"rendered":"http:\/\/vdr-fachverlag.de\/longericher\/?page_id=366"},"modified":"2015-07-14T15:04:57","modified_gmt":"2015-07-14T15:04:57","slug":"dielen","status":"publish","type":"page","link":"https:\/\/longericher-parkett.de\/?page_id=366","title":{"rendered":"Dielen"},"content":{"rendered":"<p>Als Dielen werden eine Vielzahl unterschiedlicher Holzelemente in verschiedenen Breiten, L\u00e4ngen (oft in Rauml\u00e4ngen) und Ausf\u00fchrungen bezeichnet. Gemeinsam haben diese die sto\u00df- und fugenfreie durchgehende Ansicht des einzelnen Elements. Hierzu z\u00e4hlen:<\/p>\n<p>massive Dielen<br \/>\n&#8211; Holzbretter, die zugleich die tragende Platte und die Oberfl\u00e4che des Fu\u00dfbodens bilden<\/p>\n<p>Landhausdielen<br \/>\n&#8211; mehrschichtig aufgebaute, gro\u00dfformatige Holzelemente, deren Nutzschicht (auch \u201eDeckschicht\u201c oder \u201eLaufschicht\u201c genannt) aus Vollholz besteht; die darunter liegenden Schichten bestehen aus Sperrholz oder Holzwerkstoffen<\/p>\n<p>Dielen sind pflegeleicht und vertragen neben der regelm\u00e4\u00dfigen Behandlung mit Besen oder Staubsauger sogar feuchtes Wischen mit wenig Wasser und geeigneten Pflegemitteln.<\/p>\n","protected":false},"excerpt":{"rendered":"<p>Als Dielen werden eine Vielzahl unterschiedlicher Holzelemente in verschiedenen Breiten, L\u00e4ngen (oft in Rauml\u00e4ngen) und Ausf\u00fchrungen bezeichnet. Gemeinsam haben diese die sto\u00df- und fugenfreie durchgehende Ansicht des einzelnen Elements. Hierzu z\u00e4hlen: massive Dielen &#8211; Holzbretter, die zugleich die tragende Platte und die Oberfl\u00e4che des Fu\u00dfbodens bilden Landhausdielen &#8211; mehrschichtig aufgebaute, gro\u00dfformatige Holzelemente, deren Nutzschicht (auch [&hellip;]<\/p>\n","protected":false},"author":1,"featured_media":0,"parent":0,"menu_order":0,"comment_status":"open","ping_status":"open","template":"fullpage.php","meta":{"footnotes":""},"class_list":["post-366","page","type-page","status-publish","hentry"],"_links":{"self":[{"href":"https:\/\/longericher-parkett.de\/index.php?rest_route=\/wp\/v2\/pages\/366","targetHints":{"allow":["GET"]}}],"collection":[{"href":"https:\/\/longericher-parkett.de\/index.php?rest_route=\/wp\/v2\/pages"}],"about":[{"href":"https:\/\/longericher-parkett.de\/index.php?rest_route=\/wp\/v2\/types\/page"}],"author":[{"embeddable":true,"href":"https:\/\/longericher-parkett.de\/index.php?rest_route=\/wp\/v2\/users\/1"}],"replies":[{"embeddable":true,"href":"https:\/\/longericher-parkett.de\/index.php?rest_route=%2Fwp%2Fv2%2Fcomments&post=366"}],"version-history":[{"count":2,"href":"https:\/\/longericher-parkett.de\/index.php?rest_route=\/wp\/v2\/pages\/366\/revisions"}],"predecessor-version":[{"id":492,"href":"https:\/\/longericher-parkett.de\/index.php?rest_route=\/wp\/v2\/pages\/366\/revisions\/492"}],"wp:attachment":[{"href":"https:\/\/longericher-parkett.de\/index.php?rest_route=%2Fwp%2Fv2%2Fmedia&parent=366"}],"curies":[{"name":"wp","href":"https:\/\/api.w.org\/{rel}","templated":true}]}}