{"id":364,"date":"2015-07-10T10:00:10","date_gmt":"2015-07-10T10:00:10","guid":{"rendered":"http:\/\/vdr-fachverlag.de\/longericher\/?page_id=364"},"modified":"2015-08-06T13:34:04","modified_gmt":"2015-08-06T13:34:04","slug":"laminat","status":"publish","type":"page","link":"https:\/\/longericher-parkett.de\/?page_id=364","title":{"rendered":"Laminat"},"content":{"rendered":"<p>Als Laminat wird ein mehrlagiger, duroplastischer Kunststoff bezeichnet, der durch Verpressen und Verkleben mindestens zweier Lagen gleicher oder verschiedener Materialien entsteht.<\/p>\n<p>Laminat hat viele positive Eigenschaften: die Oberfl\u00e4che ist dicht, schlag- und abriebresistent. Sie kann mit verschiedenen Strukturen versehen werden und h\u00e4lt auch hohen Temperaturen (z. B. durch Zigarettenglut und hei\u00dfe Topfb\u00f6den) kurzzeitig stand, ohne Schaden zu nehmen. Die Oberfl\u00e4che ist pflegeleicht, hitze- und lichtbest\u00e4ndig, geruchsneutral und unempfindlich gegen Alkohol bzw. organische L\u00f6semittel sowie die Einwirkung von Wasserdampf und Wasser. Laminatboden wird, aufgrund seiner Eigenschaften und des g\u00fcnstigen Preises, gerne und oft f\u00fcr Mietobjekte eingesetzt. <\/p>\n<p>Zur Ger\u00e4uschreduzierung empfiehlt sich die Verlegung einer Trittschalld\u00e4mmung unter dem Laminat. Weniger empfehlenswert ist die Verlegung \u00fcber Teppichboden, wobei zwar eine gute Ger\u00e4uschd\u00e4mmung erzielt wird, aber auch Nachteile hinzunehmen sind (fragliche Gew\u00e4hrleistung der Hersteller, Hygiene).<\/p>\n","protected":false},"excerpt":{"rendered":"<p>Als Laminat wird ein mehrlagiger, duroplastischer Kunststoff bezeichnet, der durch Verpressen und Verkleben mindestens zweier Lagen gleicher oder verschiedener Materialien entsteht. Laminat hat viele positive Eigenschaften: die Oberfl\u00e4che ist dicht, schlag- und abriebresistent. Sie kann mit verschiedenen Strukturen versehen werden und h\u00e4lt auch hohen Temperaturen (z. B. durch Zigarettenglut und hei\u00dfe Topfb\u00f6den) kurzzeitig stand, ohne [&hellip;]<\/p>\n","protected":false},"author":1,"featured_media":0,"parent":0,"menu_order":0,"comment_status":"open","ping_status":"open","template":"fullpage.php","meta":{"footnotes":""},"class_list":["post-364","page","type-page","status-publish","hentry"],"_links":{"self":[{"href":"https:\/\/longericher-parkett.de\/index.php?rest_route=\/wp\/v2\/pages\/364","targetHints":{"allow":["GET"]}}],"collection":[{"href":"https:\/\/longericher-parkett.de\/index.php?rest_route=\/wp\/v2\/pages"}],"about":[{"href":"https:\/\/longericher-parkett.de\/index.php?rest_route=\/wp\/v2\/types\/page"}],"author":[{"embeddable":true,"href":"https:\/\/longericher-parkett.de\/index.php?rest_route=\/wp\/v2\/users\/1"}],"replies":[{"embeddable":true,"href":"https:\/\/longericher-parkett.de\/index.php?rest_route=%2Fwp%2Fv2%2Fcomments&post=364"}],"version-history":[{"count":2,"href":"https:\/\/longericher-parkett.de\/index.php?rest_route=\/wp\/v2\/pages\/364\/revisions"}],"predecessor-version":[{"id":491,"href":"https:\/\/longericher-parkett.de\/index.php?rest_route=\/wp\/v2\/pages\/364\/revisions\/491"}],"wp:attachment":[{"href":"https:\/\/longericher-parkett.de\/index.php?rest_route=%2Fwp%2Fv2%2Fmedia&parent=364"}],"curies":[{"name":"wp","href":"https:\/\/api.w.org\/{rel}","templated":true}]}}