{"id":290,"date":"2015-06-14T20:49:00","date_gmt":"2015-06-14T20:49:00","guid":{"rendered":"http:\/\/maler-cornut.ch\/?page_id=290"},"modified":"2018-05-11T07:22:21","modified_gmt":"2018-05-11T07:22:21","slug":"service","status":"publish","type":"page","link":"https:\/\/longericher-parkett.de\/?page_id=290","title":{"rendered":"Service"},"content":{"rendered":"<p><strong>BERATUNG<\/strong><br \/>\nWir beraten Sie gerne in unserer Ausstellung, vor Ort oder am Telefon \u00fcber die unterschiedlichen M\u00f6glichkeiten der modernen Bodengestaltung und erstellen Ihnen einen detaillierten und unverbindlichen Kostenvoranschlag.<\/p>\n<p><strong>VERKAUF<\/strong><br \/>\n\u00dcber uns k\u00f6nnen Sie s\u00e4mtliche Baustoffe beziehen, die Sie f\u00fcr Ihren neuen Boden ben\u00f6tigen. Wir sind unabh\u00e4ngig von Lieferanten und Marken und bieten Ihnen eine gro\u00dfe Auswahl von Bodenbel\u00e4gen und Zubeh\u00f6r an.<\/p>\n<p><strong>VERLEGUNG<\/strong><br \/>\nWir f\u00fchren fachgerechte Verlegung und Oberfl\u00e4chenbehandlung Ihres neuen Bodens flexibel und zeitnah aus. <\/p>\n<p><strong>FUSSBODENPFLEGE<\/strong><br \/>\nWir reinigen stark verschmutzte Oberfl\u00e4chen maschinell und pflegen diese professionell und schonend neu ein. <\/p>\n<p><strong>UNTERBODENSANIERUNG<\/strong><br \/>\nWir sanieren Unterb\u00f6den professionell und fachgerecht.<\/p>\n<p><strong>ALTBODENINSTANDSETZUNG<\/strong><br \/>\nWir machen Ihren Parkettboden\/ Ihre Holztreppen wie neu.<\/p>\n","protected":false},"excerpt":{"rendered":"<p>BERATUNG Wir beraten Sie gerne in unserer Ausstellung, vor Ort oder am Telefon \u00fcber die unterschiedlichen M\u00f6glichkeiten der modernen Bodengestaltung und erstellen Ihnen einen detaillierten und unverbindlichen Kostenvoranschlag. VERKAUF \u00dcber uns k\u00f6nnen Sie s\u00e4mtliche Baustoffe beziehen, die Sie f\u00fcr Ihren neuen Boden ben\u00f6tigen. Wir sind unabh\u00e4ngig von Lieferanten und Marken und bieten Ihnen eine gro\u00dfe [&hellip;]<\/p>\n","protected":false},"author":1,"featured_media":0,"parent":0,"menu_order":0,"comment_status":"open","ping_status":"open","template":"fullpage.php","meta":{"footnotes":""},"class_list":["post-290","page","type-page","status-publish","hentry"],"_links":{"self":[{"href":"https:\/\/longericher-parkett.de\/index.php?rest_route=\/wp\/v2\/pages\/290","targetHints":{"allow":["GET"]}}],"collection":[{"href":"https:\/\/longericher-parkett.de\/index.php?rest_route=\/wp\/v2\/pages"}],"about":[{"href":"https:\/\/longericher-parkett.de\/index.php?rest_route=\/wp\/v2\/types\/page"}],"author":[{"embeddable":true,"href":"https:\/\/longericher-parkett.de\/index.php?rest_route=\/wp\/v2\/users\/1"}],"replies":[{"embeddable":true,"href":"https:\/\/longericher-parkett.de\/index.php?rest_route=%2Fwp%2Fv2%2Fcomments&post=290"}],"version-history":[{"count":5,"href":"https:\/\/longericher-parkett.de\/index.php?rest_route=\/wp\/v2\/pages\/290\/revisions"}],"predecessor-version":[{"id":519,"href":"https:\/\/longericher-parkett.de\/index.php?rest_route=\/wp\/v2\/pages\/290\/revisions\/519"}],"wp:attachment":[{"href":"https:\/\/longericher-parkett.de\/index.php?rest_route=%2Fwp%2Fv2%2Fmedia&parent=290"}],"curies":[{"name":"wp","href":"https:\/\/api.w.org\/{rel}","templated":true}]}}