{"id":29,"date":"2015-05-03T16:01:06","date_gmt":"2015-05-03T16:01:06","guid":{"rendered":"http:\/\/ivb-gmbh.com\/?page_id=29"},"modified":"2020-04-02T13:53:20","modified_gmt":"2020-04-02T13:53:20","slug":"impressum","status":"publish","type":"page","link":"https:\/\/longericher-parkett.de\/?page_id=29","title":{"rendered":"Impressum"},"content":{"rendered":"<p><b>Kontakt:<\/b><\/p>\n<p>Longericher Parkett GmbH &amp; Co. KG<br \/>\nHeckweg 42<br \/>\n50739 K\u00f6ln<\/p>\n<p>Telefon: 0221 &#8211; 599 17 18, 0221 &#8211; 599 56 79<br \/>\nTelefax: 0221 &#8211; 599 19 87<br \/>\nE-Mail:&nbsp;&nbsp;<a href=\"mailto:info@longericher-parkett.de \">info@longericher-parkett.de <\/a><\/p>\n<p>Gesch\u00e4ftsf\u00fchrer: Anatoli Walter, Viktor Rosner<br \/>\nRegistergericht und -nummer: Amtsgericht K\u00f6ln, HRA 25946<br \/>\nUmsatzsteuer-Identifikationsnr.: DE 260407450<\/p>\n<div style=\"width: 100%; height: 20px; background-color: transparent;\">&nbsp;<\/div>\n<div style=\"width: 100%; height: 20px; background-color: transparent;\">&nbsp;<\/div>\n<div style=\"width: 100%; height: 20px; background-color: transparent;\">&nbsp;<\/div>\n<p>Bilder von:<br \/>\n\u00a9iStock.com\/jolob<br \/>\n\u00a9iStock.com\/slobo<br \/>\n\u00a9iStock.com\/ArtisticCaptures<br \/>\n\u00a9iStock.com\/Ivan Stevanovic<br \/>\n<a href=\"http:\/\/www.jaso.de\" target=\"_blank\" rel=\"noopener noreferrer\">www.jaso.de<\/a><br \/>\nMEGA eG<\/p>\n","protected":false},"excerpt":{"rendered":"<p>Kontakt: Longericher Parkett GmbH &amp; Co. KG Heckweg 42 50739 K\u00f6ln Telefon: 0221 &#8211; 599 17 18, 0221 &#8211; 599 56 79 Telefax: 0221 &#8211; 599 19 87 E-Mail:&nbsp;&nbsp;info@longericher-parkett.de Gesch\u00e4ftsf\u00fchrer: Anatoli Walter, Viktor Rosner Registergericht und -nummer: Amtsgericht K\u00f6ln, HRA 25946 Umsatzsteuer-Identifikationsnr.: DE 260407450 &nbsp; &nbsp; &nbsp; Bilder von: \u00a9iStock.com\/jolob \u00a9iStock.com\/slobo \u00a9iStock.com\/ArtisticCaptures \u00a9iStock.com\/Ivan Stevanovic www.jaso.de [&hellip;]<\/p>\n","protected":false},"author":1,"featured_media":0,"parent":0,"menu_order":8,"comment_status":"open","ping_status":"closed","template":"fullpage.php","meta":{"footnotes":""},"class_list":["post-29","page","type-page","status-publish","hentry"],"_links":{"self":[{"href":"https:\/\/longericher-parkett.de\/index.php?rest_route=\/wp\/v2\/pages\/29","targetHints":{"allow":["GET"]}}],"collection":[{"href":"https:\/\/longericher-parkett.de\/index.php?rest_route=\/wp\/v2\/pages"}],"about":[{"href":"https:\/\/longericher-parkett.de\/index.php?rest_route=\/wp\/v2\/types\/page"}],"author":[{"embeddable":true,"href":"https:\/\/longericher-parkett.de\/index.php?rest_route=\/wp\/v2\/users\/1"}],"replies":[{"embeddable":true,"href":"https:\/\/longericher-parkett.de\/index.php?rest_route=%2Fwp%2Fv2%2Fcomments&post=29"}],"version-history":[{"count":26,"href":"https:\/\/longericher-parkett.de\/index.php?rest_route=\/wp\/v2\/pages\/29\/revisions"}],"predecessor-version":[{"id":801,"href":"https:\/\/longericher-parkett.de\/index.php?rest_route=\/wp\/v2\/pages\/29\/revisions\/801"}],"wp:attachment":[{"href":"https:\/\/longericher-parkett.de\/index.php?rest_route=%2Fwp%2Fv2%2Fmedia&parent=29"}],"curies":[{"name":"wp","href":"https:\/\/api.w.org\/{rel}","templated":true}]}}