{"id":18,"date":"2015-05-03T12:36:57","date_gmt":"2015-05-03T12:36:57","guid":{"rendered":"http:\/\/ivb-gmbh.com\/?page_id=18"},"modified":"2015-08-06T09:16:15","modified_gmt":"2015-08-06T09:16:15","slug":"uber-uns","status":"publish","type":"page","link":"https:\/\/longericher-parkett.de\/?page_id=18","title":{"rendered":"\u00dcber uns"},"content":{"rendered":"<p>Wir sind ein modernes Unternehmen und bieten Ihnen umfassende Beratung und fachm\u00e4nnische Ausf\u00fchrung im Bereich Bodenverlegung, Renovierung und Pflege.<\/p>\n<p>In unserer Ausstellung in K\u00f6ln-Longerich finden Sie f\u00fcr jeden Zweck<br \/>\nim privaten und gewerblichen Bereich ein umfangreiches Sortiment an Parkett-, Laminat-, Teppich- , PVC-B\u00f6den und Zubeh\u00f6r. Gerne zeigen<br \/>\nwir Ihnen die vielf\u00e4ltigen M\u00f6glichkeiten auf, die Ihnen Bodenbel\u00e4ge<br \/>\nzu bieten haben. Dies erm\u00f6glicht Ihnen die beste Auswahl zu treffen. <\/p>\n<p>Auch nach der Ausf\u00fchrung der Verlegearbeiten sind wir f\u00fcr Sie da,<br \/>\nwenn Sie Ihren Boden renovieren oder pflegen wollen.<\/p>\n<p>Wir legen Ihnen Qualit\u00e4t zu F\u00fc\u00dfen!<\/p>\n<p>Sprechen Sie uns an, wir freuen uns auf Sie!<\/p>\n","protected":false},"excerpt":{"rendered":"<p>Wir sind ein modernes Unternehmen und bieten Ihnen umfassende Beratung und fachm\u00e4nnische Ausf\u00fchrung im Bereich Bodenverlegung, Renovierung und Pflege. In unserer Ausstellung in K\u00f6ln-Longerich finden Sie f\u00fcr jeden Zweck im privaten und gewerblichen Bereich ein umfangreiches Sortiment an Parkett-, Laminat-, Teppich- , PVC-B\u00f6den und Zubeh\u00f6r. Gerne zeigen wir Ihnen die vielf\u00e4ltigen M\u00f6glichkeiten auf, die Ihnen [&hellip;]<\/p>\n","protected":false},"author":1,"featured_media":0,"parent":0,"menu_order":7,"comment_status":"open","ping_status":"open","template":"fullpage.php","meta":{"footnotes":""},"class_list":["post-18","page","type-page","status-publish","hentry"],"_links":{"self":[{"href":"https:\/\/longericher-parkett.de\/index.php?rest_route=\/wp\/v2\/pages\/18","targetHints":{"allow":["GET"]}}],"collection":[{"href":"https:\/\/longericher-parkett.de\/index.php?rest_route=\/wp\/v2\/pages"}],"about":[{"href":"https:\/\/longericher-parkett.de\/index.php?rest_route=\/wp\/v2\/types\/page"}],"author":[{"embeddable":true,"href":"https:\/\/longericher-parkett.de\/index.php?rest_route=\/wp\/v2\/users\/1"}],"replies":[{"embeddable":true,"href":"https:\/\/longericher-parkett.de\/index.php?rest_route=%2Fwp%2Fv2%2Fcomments&post=18"}],"version-history":[{"count":16,"href":"https:\/\/longericher-parkett.de\/index.php?rest_route=\/wp\/v2\/pages\/18\/revisions"}],"predecessor-version":[{"id":401,"href":"https:\/\/longericher-parkett.de\/index.php?rest_route=\/wp\/v2\/pages\/18\/revisions\/401"}],"wp:attachment":[{"href":"https:\/\/longericher-parkett.de\/index.php?rest_route=%2Fwp%2Fv2%2Fmedia&parent=18"}],"curies":[{"name":"wp","href":"https:\/\/api.w.org\/{rel}","templated":true}]}}